{"id":420,"date":"2024-11-07T15:06:39","date_gmt":"2024-11-07T14:06:39","guid":{"rendered":"https:\/\/ppref.nl\/mission-approach\/"},"modified":"2026-05-07T14:47:57","modified_gmt":"2026-05-07T12:47:57","slug":"aanpak","status":"publish","type":"page","link":"https:\/\/ppref.nl\/nl\/aanpak\/","title":{"rendered":"Aanpak"},"content":{"rendered":"<div id=\"cs-content\" class=\"cs-content\"><style>body {\n  background-color: #073b20;\n}\n<\/style><div class=\"x-section e420-e2 mbo-0\"><div class=\"x-row x-container max width e420-e3 mbo-1 mbo-2\"><div class=\"x-row-inner\"><div class=\"x-col e420-e4 mbo-3\"><div class=\"x-div e420-e6 mbo-4 mbo-6\"><div class=\"x-text x-text-headline e420-e7 mbo-7\"><div class=\"x-text-content\"><div class=\"x-text-content-text\"><h1 class=\"x-text-content-text-primary\">VASTGOED FINANCIERING<\/h1>\n<span class=\"x-text-content-text-subheadline\">Het optimaliseren van het succes van uw financiering. Dat is de missie van PPREF!<\/span><\/div><\/div><\/div><div class=\"x-text x-content e420-e8 mbo-8\"><p>Om de optimale financiering te realiseren, maken we gebruik van ons uitgebreide netwerk en ervaring. Wij weten wat financiers nodig hebben om een deal te laten slagen. Sustainability is one of these components. <\/p>\n<p>Duurzaamheid is een business case, niet enkel een idealisme. De cijfers moeten kloppen. Verbeterde financieringsmogelijkheden en het verlagen van de financieringskosten zijn manieren om de businesscase te laten werken. Dit is waar PPREF ondersteuning biedt.  <\/p>\n<\/div><\/div><\/div><div class=\"x-col e420-e4 mbo-3\"><div class=\"x-div e420-e5 mbo-4 mbo-5\" style=\"--tco-dcbo-0:url(https:\/\/ppref.nl\/wp-content\/uploads\/s1.png);\"><div class=\"x-bg\" aria-hidden=\"true\"><div class=\"x-bg-layer-lower-image\"><\/div><\/div><\/div><\/div><div class=\"x-col e420-e4 mbo-3\"><div class=\"x-div e420-e6 mbo-4 mbo-6\"><div class=\"x-text x-text-headline e420-e7 mbo-7\"><div class=\"x-text-content\"><div class=\"x-text-content-text\"><h1 class=\"x-text-content-text-primary\">ONE STOP SHOP<\/h1>\n<span class=\"x-text-content-text-subheadline\">Om tot een alles-in-\u00e9\u00e9n oplossing te komen, werken we nauw samen met ingenieurs, architecten en ESG-consultants.<\/span><\/div><\/div><\/div><div class=\"x-text x-content e420-e8 mbo-8\"><p>Wij bieden u een uitgebreid en ge\u00efntegreerd plan van aanpak dat technische mogelijkheden en beperkingen, bijbehorende kosten en potenti\u00eble verbeteringen omvat. We kwantificeren en tonen de effecten in financi\u00eble modellen en ondersteunen klanten bij het vinden van de optimale financiering voor de benodigde investeringen.<\/p>\n<\/div><\/div><\/div><div class=\"x-col e420-e4 mbo-3\"><div class=\"x-div e420-e5 mbo-4 mbo-5\" style=\"--tco-dcbo-0:url(https:\/\/ppref.nl\/wp-content\/uploads\/s2.png);\"><div class=\"x-bg\" aria-hidden=\"true\"><div class=\"x-bg-layer-lower-image\"><\/div><\/div><\/div><\/div><div class=\"x-col e420-e4 mbo-3\"><div class=\"x-div e420-e6 mbo-4 mbo-6\"><div class=\"x-text x-text-headline e420-e7 mbo-7\"><div class=\"x-text-content\"><div class=\"x-text-content-text\"><h1 class=\"x-text-content-text-primary\">DRIVER<\/h1>\n<span class=\"x-text-content-text-subheadline\">Financiers worden gedreven door druk van stakeholders, maar ook door hun CSRD-rapportage vereisten over de scope-3 impact. <\/span><\/div><\/div><\/div><div class=\"x-text x-content e420-e8 mbo-8\"><p>De impact die een financier cre\u00ebert middels haar eigen operaties, staat gelijk aan een <u><a href=\"#toggle\">700 keer<\/a><\/u> zo grote scope-3 impact die zij faciliteert via haar leningen. Het toetsen van leningen op duurzaamheid is daarom onvermijdelijk. <\/p>\n<\/div><\/div><\/div><div class=\"x-col e420-e4 mbo-3\"><div class=\"x-div e420-e5 mbo-4 mbo-5\" style=\"--tco-dcbo-0:url(https:\/\/ppref.nl\/wp-content\/uploads\/s3.png);\"><div class=\"x-bg\" aria-hidden=\"true\"><div class=\"x-bg-layer-lower-image\"><\/div><\/div><\/div><\/div><\/div><\/div><\/div><div class=\"x-anchor x-anchor-toggle e420-e9 mbo-9\" tabindex=\"0\" role=\"button\" data-x-toggle=\"1\" data-x-toggleable=\"e420-e9\" data-x-toggle-hash=\"toggle\" data-x-toggle-overlay=\"1\" aria-controls=\"e420-e9-modal\" aria-expanded=\"false\" aria-haspopup=\"true\" aria-label=\"Toggle Modal Content\"><div class=\"x-anchor-content\"><\/div><\/div><\/div>","protected":false},"excerpt":{"rendered":"<p>VASTGOED FINANCIERING Het optimaliseren van het succes van uw financiering. Dat is de missie van PPREF!Om de optimale financiering te realiseren, maken we gebruik van ons uitgebreide netwerk en ervaring. Wij weten wat financiers nodig hebben om een deal te laten slagen. Sustainability is one of these components. Duurzaamheid is een business case, niet enkel een idealisme. De cijfers moeten&hellip;<\/p>\n","protected":false},"author":1,"featured_media":0,"parent":0,"menu_order":20,"comment_status":"closed","ping_status":"closed","template":"template-blank-4.php","meta":{"_acf_changed":false,"footnotes":""},"class_list":["post-420","page","type-page","status-publish","hentry","no-post-thumbnail"],"acf":[],"_links":{"self":[{"href":"https:\/\/ppref.nl\/nl\/wp-json\/wp\/v2\/pages\/420","targetHints":{"allow":["GET"]}}],"collection":[{"href":"https:\/\/ppref.nl\/nl\/wp-json\/wp\/v2\/pages"}],"about":[{"href":"https:\/\/ppref.nl\/nl\/wp-json\/wp\/v2\/types\/page"}],"author":[{"embeddable":true,"href":"https:\/\/ppref.nl\/nl\/wp-json\/wp\/v2\/users\/1"}],"replies":[{"embeddable":true,"href":"https:\/\/ppref.nl\/nl\/wp-json\/wp\/v2\/comments?post=420"}],"version-history":[{"count":7,"href":"https:\/\/ppref.nl\/nl\/wp-json\/wp\/v2\/pages\/420\/revisions"}],"predecessor-version":[{"id":467,"href":"https:\/\/ppref.nl\/nl\/wp-json\/wp\/v2\/pages\/420\/revisions\/467"}],"wp:attachment":[{"href":"https:\/\/ppref.nl\/nl\/wp-json\/wp\/v2\/media?parent=420"}],"curies":[{"name":"wp","href":"https:\/\/api.w.org\/{rel}","templated":true}]}}